{"id":2901,"date":"2020-07-17T02:12:00","date_gmt":"2020-07-17T05:12:00","guid":{"rendered":"http:\/\/demo.thimpress.com\/eduma\/?page_id=2901"},"modified":"2022-10-17T14:09:15","modified_gmt":"2022-10-17T17:09:15","slug":"nosotros","status":"publish","type":"page","link":"https:\/\/kubernetica.com\/academy\/nosotros\/","title":{"rendered":"Nosotros"},"content":{"rendered":"<div class=\"wpb-content-wrapper\"><p>[vc_row][vc_column width=&#8221;1\/2&#8243;][vc_column_text]<\/p>\n<h3>Nosotros<\/h3>\n<p style=\"text-align: justify;\">KUBERN\u00c9TICA ACADEMY es una plataforma de cursos en l\u00ednea que ofrece recursos pedag\u00f3gicos de metodolog\u00eda y redacci\u00f3n a la comunidad hispanohablante. Su amplia oferta de cursos, talleres y manuales tiene como principal objetivo proporcionar, con niveles de excelencia y altos est\u00e1ndares de calidad, los conocimientos, t\u00e9cnicas y herramientas necesarios para la elaboraci\u00f3n de textos acad\u00e9micos, profesionales y administrativos.<\/p>\n<p>[\/vc_column_text][vc_column_text]<\/p>\n<h3>\u00c1reas de trabajo<\/h3>\n<p style=\"text-align: justify;\">Ofrecemos cursos y contenidosen cinco \u00e1reas principales:<\/p>\n<ul>\n<li style=\"text-align: justify;\">La investigaci\u00f3n (anteproyectos y proyectos de investigaci\u00f3n, esquemas y dise\u00f1os metodol\u00f3gicos, mapas conceptuales).<\/li>\n<li style=\"text-align: justify;\">La redacci\u00f3n cient\u00edfica (art\u00edculos cient\u00edficos, papers, ponencias, conferencias, res\u00famenes, abstracts, proyectos e informes de investigaci\u00f3n).<\/li>\n<li style=\"text-align: justify;\">La redacci\u00f3n acad\u00e9mica (tesis, tesinas, TIFs, trabajos finales de graduaci\u00f3n, trabajos de integraci\u00f3n final, monograf\u00edas, ensayos, respuestas de examen, parciales domiciliarios, presentaciones orales y audiovisuales).<\/li>\n<li style=\"text-align: justify;\">La redacci\u00f3n profesional y administrativa (planes de negocio, planes de marketing, planes de comunicaci\u00f3n, presentaciones orales, visuales y escritas, solicitudes, memorias, curr\u00edculum v\u00edtae, informes, cartas de motivaci\u00f3n, cartas de recomendaci\u00f3n, correos electr\u00f3nicos).<\/li>\n<\/ul>\n<p>[\/vc_column_text][\/vc_column][vc_column width=&#8221;1\/2&#8243;][vc_column_text]<\/p>\n<h3>Objetivos<\/h3>\n<ul>\n<li style=\"text-align: justify;\">Ofrecer cursos de excelencia para la redacci\u00f3n eficaz de trabajos acad\u00e9micos, profesionales y administrativos.<\/li>\n<li style=\"text-align: justify;\">Desarrollar en estudiantes, investigadores y profesionales habilidades espec\u00edficas para la expresi\u00f3n de ideas y conceptos.<\/li>\n<li style=\"text-align: justify;\">Transmitir conocimientos especializados para la escritura de textos coherentes, cohesivos y adecuados a la situaci\u00f3n discursiva en que se producen.<\/li>\n<li style=\"text-align: justify;\">Fomentar la incorporaci\u00f3n de metodolog\u00edas y t\u00e9cnicas de escritura que permitan la elaboraci\u00f3n autogestionada de trabajos acad\u00e9micos y profesionales de alta complejidad.<\/li>\n<\/ul>\n<p>[\/vc_column_text][vc_column_text]<\/p>\n<h3>Destinatarios<\/h3>\n<p style=\"text-align: justify;\">El instituto ofrece cursos, talleres y planes de capacitaci\u00f3n para toda clase de p\u00fablicos:<\/p>\n<ul>\n<li style=\"text-align: justify;\">Estudiantes de grado que tengan que elaborar trabajos escritos a lo largo de su formaci\u00f3n superior.<\/li>\n<li style=\"text-align: justify;\">Tesistas que se encuentren realizando su trabajo final de graduaci\u00f3n, su tesina de grado o su tesis de maestr\u00eda.<\/li>\n<li style=\"text-align: justify;\">Estudiantes de maestr\u00eda o doctorado, becarios e investigadores que se inician en la investigaci\u00f3n y que desean mejorar sus habilidades metodol\u00f3gicas o sus destrezas de redacci\u00f3n cient\u00edfica.Profesionales que deban elaborar informes y documentos de trabajo en \u00e1mbitos corporativos o administrativos.<\/li>\n<li style=\"text-align: justify;\">Empresas privadas, organismos estatales o instituciones no gubernamentales que busquen capacitar a sus empleados en la producci\u00f3n de textos espec\u00edficos.<\/li>\n<li style=\"text-align: justify;\">Particulares interesados en mejorar sus textos period\u00edsticos o de expresi\u00f3n personal, sean ficcionales o no.<\/li>\n<\/ul>\n<p>[\/vc_column_text][\/vc_column][\/vc_row]<\/p>\n<\/div>","protected":false},"excerpt":{"rendered":"<p>[vc_row][vc_column width=&#8221;1\/2&#8243;][vc_column_text] Nosotros KUBERN\u00c9TICA ACADEMY es una plataforma de cursos en l\u00ednea que ofrece recursos pedag\u00f3gicos de metodolog\u00eda y redacci\u00f3n a la comunidad hispanohablante. Su amplia oferta de cursos, talleres y manuales tiene como principal objetivo proporcionar, con niveles de &hellip; <\/p>\n","protected":false},"author":1,"featured_media":0,"parent":0,"menu_order":0,"comment_status":"closed","ping_status":"closed","template":"","meta":{"_joinchat":[],"footnotes":""},"class_list":["post-2901","page","type-page","status-publish","hentry"],"aioseo_notices":[],"_links":{"self":[{"href":"https:\/\/kubernetica.com\/academy\/wp-json\/wp\/v2\/pages\/2901","targetHints":{"allow":["GET"]}}],"collection":[{"href":"https:\/\/kubernetica.com\/academy\/wp-json\/wp\/v2\/pages"}],"about":[{"href":"https:\/\/kubernetica.com\/academy\/wp-json\/wp\/v2\/types\/page"}],"author":[{"embeddable":true,"href":"https:\/\/kubernetica.com\/academy\/wp-json\/wp\/v2\/users\/1"}],"replies":[{"embeddable":true,"href":"https:\/\/kubernetica.com\/academy\/wp-json\/wp\/v2\/comments?post=2901"}],"version-history":[{"count":34,"href":"https:\/\/kubernetica.com\/academy\/wp-json\/wp\/v2\/pages\/2901\/revisions"}],"predecessor-version":[{"id":13879,"href":"https:\/\/kubernetica.com\/academy\/wp-json\/wp\/v2\/pages\/2901\/revisions\/13879"}],"wp:attachment":[{"href":"https:\/\/kubernetica.com\/academy\/wp-json\/wp\/v2\/media?parent=2901"}],"curies":[{"name":"wp","href":"https:\/\/api.w.org\/{rel}","templated":true}]}}