{"id":3,"date":"2020-07-06T12:17:37","date_gmt":"2020-07-06T15:17:37","guid":{"rendered":"https:\/\/kubernetica.com\/academica\/?page_id=3"},"modified":"2022-09-29T13:32:05","modified_gmt":"2022-09-29T16:32:05","slug":"terminos-y-condiciones","status":"publish","type":"page","link":"https:\/\/kubernetica.com\/academy\/terminos-y-condiciones\/","title":{"rendered":"T\u00e9rminos y condiciones"},"content":{"rendered":"\n<p>KUBERN\u00c9TICA ACADEMY es una plataforma de cursos en l\u00ednea que ofrece recursos pedag\u00f3gicos de metodolog\u00eda y redacci\u00f3n a la comunidad hispanohablante. Su amplia oferta de cursos, talleres y manuales tiene como principal objetivo proporcionar, con niveles de excelencia y altos est\u00e1ndares de calidad, los conocimientos, t\u00e9cnicas y herramientas necesarios para la elaboraci\u00f3n de textos acad\u00e9micos, profesionales y administrativos.<\/p>\n\n\n\n<p>El modelo educativo de KUBERN\u00c9TICA ACADEMY se desarrolla en un entorno virtual basado en tecnolog\u00edas de punta en educaci\u00f3n a distancia. La experiencia de aprendizaje en l\u00ednea supone un proceso din\u00e1mico, colaborativo, interactivo y flexible concebido desde una perspectiva constructivista del proceso pedag\u00f3gico. Este esquema de aprendizaje-ense\u00f1anza implica la participaci\u00f3n activa de un estudiante, investigador o profesional en una comunidad virtual integrada por docentes, tutores y colegas de trabajo. En este proceso, el educando construye su propio camino educativo y genera significados, observaciones y reflexiones a partir de su interacci\u00f3n al interior de una red de conocimientos.<\/p>\n\n\n\n<p><strong>1. Cuentas<\/strong><\/p>\n\n\n\n<p>Necesita una cuenta para la mayor\u00eda de las actividades que se llevan a cabo en nuestra plataforma. Para poder utilizar Kubern\u00c9tica Academy, deber\u00e1 tener la mayor\u00eda de edad establecida para el uso de servicios en l\u00ednea en su pa\u00eds.<\/p>\n\n\n\n<p>Necesita una cuenta para la mayor\u00eda de actividades que se llevan a cabo en nuestra plataforma, incluidas las de comprar y acceder a los cursos. Al configurar y mantener su cuenta, debe proporcionar en todo momento informaci\u00f3n precisa y completa, incluida una direcci\u00f3n de correo electr\u00f3nico v\u00e1lida. Asume toda la responsabilidad respecto a la cuenta y todo lo que sucede en ella, incluidos los da\u00f1os causados por alguien que utilice su cuenta sin su permiso. Esto significa que debe tener cuidado con su contrase\u00f1a. No puede transferir su cuenta a otra persona ni utilizar la cuenta de otra persona. Si se pone en contacto con nosotros para solicitar el acceso a una cuenta, no se lo concederemos a menos que pueda proporcionarnos la informaci\u00f3n necesaria para demostrar que es el propietario de dicha cuenta.<\/p>\n\n\n\n<p>Si comparte sus credenciales para iniciar sesi\u00f3n en la cuenta con otra persona, asumir\u00e1 toda la responsabilidad de lo que suceda con su cuenta y Kubern\u00c9tica Academy no intervendr\u00e1 en los conflictos que se puedan producir con estudiantes que han compartido sus credenciales para iniciar sesi\u00f3n en la cuenta. Si descubre que otra persona puede estar utilizando su cuenta sin su permiso o bien sospecha que se ha producido alguna otra infracci\u00f3n de seguridad, debe ponerse en contacto con nuestro equipo de asistencia.<\/p>\n\n\n\n<p><strong>2. Inscripci\u00f3n en contenidos<\/strong><\/p>\n\n\n\n<p>Cuando se inscribe en un curso, le proporcionamos una licencia para verlo a trav\u00e9s de los servicios de Kubern\u00c9tica Academy, pero para ning\u00fan otro uso. No intente transferir ni revender contenido de ninguna forma. Por lo general, le concedemos una licencia de acceso de por vida, excepto cuando debamos desactivar el contenido por motivos legales, relacionados con determinadas pol\u00edticas o para la inscripci\u00f3n mediante Planes de suscripci\u00f3n.<\/p>\n\n\n\n<p>Kubern\u00c9tica Academy le ofrece (a usted, como estudiante) una licencia limitada, intransferible y no exclusiva para ver el contenido relacionado por el que ha pagado todas las tarifas correspondientes, as\u00ed como para acceder a \u00e9l, exclusivamente con fines personales, no comerciales y educativos, y solamente a trav\u00e9s de los Servicios, de conformidad con estas Condiciones y otras condiciones o restricciones asociadas con un contenido en concreto o una funci\u00f3n espec\u00edfica de nuestros Servicios. Todos los dem\u00e1s usos est\u00e1n expresamente prohibidos. No puede reproducir, redistribuir, transmitir, asignar, vender, emitir por radiodifusi\u00f3n, alquilar, compartir, prestar, modificar, adaptar, editar, crear trabajos derivados, sublicenciar ni transferir de ninguna otra forma ning\u00fan contenido, a menos que obtenga nuestro permiso expl\u00edcito para hacerlo en un acuerdo por escrito firmado por un representante autorizado de Kubern\u00c9tica Academy.<\/p>\n\n\n\n<p>Por lo general, proporcionamos una licencia de acceso de por vida a nuestros estudiantes cuando se inscriben en un curso u otro contenido. Sin embargo, nos reservamos el derecho a revocar en cualquier momento cualquier licencia para acceder al contenido y utilizarlo en el caso de que decidamos o debamos desactivar el acceso al contenido por motivos legales o relacionados con determinadas pol\u00edticas; por ejemplo, si el contenido en el que se ha inscrito es objeto de una queja de derechos de autor o bien si determinamos que el contenido infringe nuestras pol\u00edticas de seguridad. Esta licencia de acceso de por vida no se aplica a las inscripciones mediante Planes de suscripci\u00f3n ni a las funciones y los servicios adicionales asociados con el curso u otro contenido en el que se inscriba.<\/p>\n\n\n\n<p><strong>3. Pagos, cr\u00e9ditos y reembolsos<\/strong><\/p>\n\n\n\n<p>Cuando realiza un pago, acepta el uso de un m\u00e9todo de pago v\u00e1lido. Si no est\u00e1 satisfecho con el contenido, Kubern\u00c9tica Academy ofrece un periodo de 10 d\u00edas corridos para el reembolso o la devoluci\u00f3n del importe en cr\u00e9ditos en el caso de la mayor\u00eda de las compras de contenido.<\/p>\n\n\n\n<p><strong>3.1 Precios<\/strong><\/p>\n\n\n\n<p>Los precios de los contenidos en Kubern\u00c9tica Academy se determinan en funci\u00f3n del mercado. Ocasionalmente, ejecutamos promociones y ofertas para nuestros contenidos, y algunos contenidos est\u00e1n disponibles a precios con descuento durante un determinado periodo de tiempo. El precio que se aplica al contenido ser\u00e1 el precio vigente en el momento en que finalice la compra del contenido. Es posible que cualquier precio ofertado para un contenido espec\u00edfico tambi\u00e9n sea diferente cuando inicie sesi\u00f3n en su cuenta respecto al precio disponible para los usuarios que no est\u00e1n registrados o que no han iniciado sesi\u00f3n, porque algunas de nuestras promociones solo est\u00e1n disponibles para los usuarios nuevos.<\/p>\n\n\n\n<p>Cuando ha iniciado sesi\u00f3n en su cuenta, la divisa que se muestra se basa en la ubicaci\u00f3n en la que se encontraba cuando cre\u00f3 la cuenta. Cuando no ha iniciado sesi\u00f3n en su cuenta, la divisa de los precios que se muestra se basa en el pa\u00eds en el que se encuentra. No permitimos que los usuarios vean los precios en otras divisas.<\/p>\n\n\n\n<p>Si es un estudiante que se encuentra en un pa\u00eds en el que se aplican impuestos sobre ventas y uso, los impuestos sobre el consumo de bienes y servicios o el IVA (impuesto sobre el valor a\u00f1adido) a las ventas al consumidor, asumimos la responsabilidad de recopilar y remitir dichos impuestos a las autoridades fiscales correspondientes. En funci\u00f3n de su ubicaci\u00f3n, el precio que se muestra incluir\u00e1 dichos impuestos o estos se a\u00f1adir\u00e1n al pasar por caja.<\/p>\n\n\n\n<p><strong>3.2 Pagos<\/strong><\/p>\n\n\n\n<p>Acepta pagar las tarifas del contenido que compra, y nos autoriza a cargar el importe de dichas tarifas en su tarjeta de d\u00e9bito o cr\u00e9dito, o bien a procesarlo mediante cualquier otra forma de pago (como Boleto, SEPA, adeudo directo o monedero m\u00f3vil). Kubern\u00c9tica Academy colabora con proveedores de servicios de pago para ofrecerle los m\u00e9todos de pago m\u00e1s c\u00f3modos en su pa\u00eds y mantener su informaci\u00f3n de pago segura. Podremos actualizar sus m\u00e9todos de pago utilizando la informaci\u00f3n que nos proporcionan nuestros proveedores de servicios de pago.<\/p>\n\n\n\n<p>Cuando realiza una compra, acepta que no debe utilizar un m\u00e9todo de pago no v\u00e1lido o no autorizado. Si se produce un error con su m\u00e9todo de pago, pero aun as\u00ed obtiene acceso al contenido en el que se ha inscrito, acepta pagarnos las tarifas correspondientes en el plazo de treinta (30) d\u00edas a partir de la recepci\u00f3n de nuestra notificaci\u00f3n. Nos reservamos el derecho a desactivar el acceso a cualquier contenido para el que no hayamos recibido el pago correspondiente.<\/p>\n\n\n\n<p><strong>3.3 Reembolsos y cr\u00e9ditos de reembolso<\/strong><\/p>\n\n\n\n<p>Si el contenido que ha adquirido no es lo que esperaba, puede solicitar, en un plazo de 10 d\u00edas corridos desde la adquisici\u00f3n del contenido, que Kubern\u00c9tica Academy realice un reembolso en su cuenta. Esta opci\u00f3n de reembolso no se aplica a las compras de Planes de suscripci\u00f3n. Nos reservamos el derecho a aplicar su reembolso en forma de cr\u00e9ditos de reembolso o de realizar un reembolso mediante su m\u00e9todo de pago original, a nuestra discreci\u00f3n, en funci\u00f3n de las capacidades de nuestros proveedores de servicios de pago, la plataforma en la que adquiri\u00f3 el contenido (sitio web o aplicaci\u00f3n m\u00f3vil) y otros factores. No se le proporcionar\u00e1 ning\u00fan reembolso si lo solicita transcurridos los 10 d\u00edas de tiempo l\u00edmite de la garant\u00eda. No obstante, si el contenido que adquiri\u00f3 previamente se inhabilita por motivos legales o de pol\u00edticas, tendr\u00e1 derecho a un reembolso transcurrido el l\u00edmite de 10 d\u00edas corridos. Kubern\u00c9tica Academy tambi\u00e9n se reserva el derecho a reembolsar a los estudiantes con posterioridad al l\u00edmite de 10 d\u00edas corridos en caso de sospecha o confirmaci\u00f3n de un fraude de cuenta.<\/p>\n\n\n\n<p>Para solicitar un reembolso, siga los pasos que se muestran&nbsp;aqu\u00ed.<\/p>\n\n\n\n<p>Si decidimos reembolsar cr\u00e9ditos en su cuenta, estos se aplicar\u00e1n autom\u00e1ticamente al siguiente contenido que compre en nuestro sitio web, pero no podr\u00e1n utilizarse para las compras que se realicen a trav\u00e9s de nuestras aplicaciones m\u00f3viles. Los cr\u00e9ditos de reembolso pueden caducar si no se utilizan en el periodo de tiempo especificado y no tienen valor en met\u00e1lico, a menos que la legislaci\u00f3n aplicable exija lo contrario.<\/p>\n\n\n\n<p>A nuestra entera discreci\u00f3n, si consideramos que est\u00e1 abusando de nuestra pol\u00edtica de reembolsos, por ejemplo, si ha consumido una parte importante del contenido para el que solicita el reembolso o si ya ha solicitado el reembolso del contenido previamente, nos reservamos el derecho a rechazar el reembolso, restringir sus solicitudes de reembolso futuras, prohibir el acceso a su cuenta o restringir su utilizaci\u00f3n futura de los Servicios. Si prohibimos el acceso a su cuenta o desactivamos su acceso al contenido debido a su infracci\u00f3n de estas Condiciones, no reunir\u00e1 los requisitos para recibir un reembolso.<\/p>\n\n\n\n<p><strong>3.4 C\u00f3digos promocionales y de regalo<\/strong><\/p>\n\n\n\n<p>Kubern\u00c9tica Academy puede ofrecer c\u00f3digos promocionales y de regalo a los estudiantes. Algunos c\u00f3digos pueden canjearse por cr\u00e9ditos promocionales o de regalo aplicados a su cuenta de Kubern\u00c9tica Academy que, a su vez, pueden emplearse para adquirir contenido v\u00e1lido en nuestra plataforma, y est\u00e1n sujetos a las condiciones incluidas con sus c\u00f3digos. Otros c\u00f3digos pueden canjearse por contenido espec\u00edfico. Los cr\u00e9ditos promocionales o de regalo no pueden utilizarse para compras en nuestras aplicaciones m\u00f3viles.<\/p>\n\n\n\n<p>Estos c\u00f3digos y cr\u00e9ditos, as\u00ed como el valor promocional vinculado a ellos, puede expirar si no se utilizan en el periodo especificado en su cuenta de Kubern\u00c9tica Academy. Los c\u00f3digos promocionales y de regalo que ofrece Kubern\u00c9tica Academy no pueden reembolsarse en efectivo, a menos que as\u00ed se especifique en las condiciones incluidas con los c\u00f3digos o lo exija la legislaci\u00f3n vigente. Los c\u00f3digos promocionales y de regalo que ofrezca un socio estar\u00e1n sujetos a las pol\u00edticas de reembolso de dicho socio. Si tiene varias cantidades de cr\u00e9ditos ahorradas, Kubern\u00c9tica Academy puede determinar cu\u00e1les de esos cr\u00e9ditos se aplicar\u00e1n a su compra.<\/p>\n\n\n\n<p><strong>4. Reglas de contenido y comportamiento<\/strong><\/p>\n\n\n\n<p>Solo puede utilizar Kubern\u00c9tica Academy para fines legales. No podr\u00e1 acceder a nuestros Servicios ni utilizarlos, ni tampoco crear una cuenta, con fines ilegales. Su uso de los Servicios y su comportamiento en nuestra plataforma deben ser conformes a la legislaci\u00f3n local o nacional y las regulaciones de su pa\u00eds. Usted es el \u00fanico responsable del conocimiento y el cumplimiento de esas leyes y regulaciones que se le aplican.<\/p>\n\n\n\n<p>Kubern\u00c9tica Academy puede aplicar estas Condiciones a su exclusivo criterio. Podemos cancelar o restringir su permiso para utilizar nuestra plataforma y nuestros Servicios, o bien prohibir su cuenta en cualquier momento, con o sin previo aviso, por cualquier motivo, incluidos los siguientes: si se produce cualquier infracci\u00f3n de estas Condiciones, si no paga las tarifas correspondientes a su debido tiempo, por solicitudes de devoluci\u00f3n fraudulentas, a petici\u00f3n de las autoridades legales o agencias gubernamentales, por periodos extensos de inactividad, por problemas t\u00e9cnicos inesperados, si sospechamos que lleva a cabo actividades fraudulentas o ilegales, o por cualquier otro motivo y a nuestra entera discreci\u00f3n. Cuando se lleve a cabo dicha cancelaci\u00f3n, podremos eliminar su cuenta y su contenido, e impedir que vuelva a acceder a las plataformas y a utilizar nuestros Servicios. Puede que su contenido a\u00fan est\u00e9 disponible en las plataformas incluso si se ha cancelado o suspendido su cuenta. Acepta que no asumimos ninguna responsabilidad hacia usted ni ning\u00fan tercero por la cancelaci\u00f3n de su cuenta, la eliminaci\u00f3n de su contenido o el bloqueo de su acceso a nuestras plataformas y servicios.<\/p>\n\n\n\n<p><strong>5. Derechos de Kubern\u00c9tica Academy<\/strong><\/p>\n\n\n\n<p>Somos los propietarios de la plataforma y los Servicios de Kubern\u00c9tica Academy, incluidos el sitio web, los servicios y aplicaciones existentes o futuras, y elementos como nuestros logotipos, las API, el c\u00f3digo y el contenido. No puede manipular estos elementos ni utilizarlos sin autorizaci\u00f3n.<\/p>\n\n\n\n<p>Todos los derechos, t\u00edtulos e intereses relacionados con la plataforma y los Servicios de Kubern\u00c9tica Academy, incluidos nuestro sitio web, nuestros servicios y aplicaciones existentes o futuras, as\u00ed como nuestras API, nuestras bases de datos y el contenido que nuestros empleados o socios env\u00edan o proporcionan a trav\u00e9s de nuestros Servicios (excluidos el contenido proporcionado por los estudiantes) son y seguir\u00e1n siendo propiedad de Kubern\u00c9tica Academy y sus licenciatarios. Nuestras plataformas y servicios est\u00e1n protegidos por derechos de autor, marca registrada y otras leyes tanto de Estados Unidos como de otros pa\u00edses. Nada le confiere el derecho a utilizar el nombre de Kubern\u00c9tica Academy ni las marcas registradas, los logotipos, los nombres de dominio y otras caracter\u00edsticas distintivas de la marca de Kubern\u00c9tica Academy. Todos los comentarios o sugerencias que proporcione en relaci\u00f3n con Kubern\u00c9tica Academy o los Servicios son completamente voluntarios, y tendremos total libertad para hacer uso de dichos comentarios y sugerencias de la manera que veamos conveniente y sin incurrir en ning\u00fan tipo de obligaci\u00f3n hacia usted.<\/p>\n\n\n\n<p>No puede realizar ninguna de las siguientes acciones al acceder o utilizar la plataforma y los Servicios de Kubern\u00c9tica Academy:<\/p>\n\n\n\n<ul class=\"wp-block-list\"><li>El acceso, la manipulaci\u00f3n o el uso de \u00e1reas no p\u00fablicas de la plataforma (incluido el almacenamiento de contenido), los sistemas inform\u00e1ticos de Kubern\u00c9tica Academy o los sistemas de distribuci\u00f3n t\u00e9cnica de los proveedores de servicios de Kubern\u00c9tica Academy.<\/li><li>Desactivar, interferir o intentar burlar cualquiera de las funciones de las plataformas relacionadas con la seguridad, as\u00ed como explorar, analizar y probar la vulnerabilidad de nuestros sistemas.<\/li><li>Copiar, modificar, crear un trabajo derivado, aplicar ingenier\u00eda inversa, desarmar o intentar de alguna otra forma descubrir cualquier c\u00f3digo fuente o contenido de la plataforma o los Servicios de Kubern\u00c9tica Academy.<\/li><li>Acceder o buscar, o bien intentar acceder o buscar (de forma autom\u00e1tica o de cualquier otra forma), nuestra plataforma de cualquier otra manera que no sea a trav\u00e9s de nuestras funcionalidades de b\u00fasqueda disponibles actualmente y que se proporcionan a trav\u00e9s de nuestro sitio web y nuestras aplicaciones m\u00f3viles o API (y solo de conformidad con las condiciones de dichas API). No puede utilizar m\u00e9todos de extracci\u00f3n de datos (\u201cscraping\u201d), ara\u00f1as, robots o cualquier otro medio automatizado de cualquier otro tipo para acceder a los Servicios.<\/li><li>Utilizar de cualquier forma los Servicios para enviar informaci\u00f3n con identificaci\u00f3n de origen manipulada, enga\u00f1osa o falsa (como el env\u00edo de comunicaciones de correo electr\u00f3nico que simulen falsamente ser de Kubern\u00c9tica Academy); o bien interferir o interrumpir (o intentar interferir o interrumpir) el acceso de cualquier usuario, host o red, incluidos, entre otros, el env\u00edo de virus, sobrecargas, saturaciones, el env\u00edo de spam o bombardeo de correos electr\u00f3nicos a las plataformas o servicios, o bien interferir o crear una carga innecesaria de cualquier otra manera en los Servicios.<\/li><\/ul>\n\n\n\n<p><strong>6. Otras condiciones legales<\/strong><\/p>\n\n\n\n<p><strong>6.1 Acuerdo vinculante<\/strong><\/p>\n\n\n\n<p>Acepta que al registrarse y acceder a nuestros Servicios y utilizarlos, confirma que establecer\u00e1 un contrato legalmente vinculante con Kubern\u00c9tica Academy. Si no acepta estas Condiciones, no se registre ni acceda o utilice de cualquier otra forma nuestros Servicios.<\/p>\n\n\n\n<p>Estas Condiciones (incluidos todos los acuerdos y pol\u00edticas vinculadas a estas Condiciones) constituyen el acuerdo completo entre usted y nosotros.<\/p>\n\n\n\n<p>Si se confirma que cualquier disposici\u00f3n de estas Condiciones no es v\u00e1lida o aplicable de conformidad con la ley vigente, entonces esa provisi\u00f3n se sustituir\u00e1 por otra v\u00e1lida y aplicable que se ajuste mejor a la intenci\u00f3n de la provisi\u00f3n original, y el resto de las Condiciones seguir\u00e1n en vigor.<\/p>\n\n\n\n<p>Incluso si en alg\u00fan caso ejercemos nuestros derechos con demora o no los ejercemos, esto no significa que renunciamos a nuestros derechos incluidos en estas Condiciones, y puede que decidamos ejercerlos en el futuro. Si decidimos renunciar a algunos de nuestros derechos en un caso determinado, esto no significa que renunciamos a todos nuestros derechos en general o en el futuro.<\/p>\n\n\n\n<p><strong>6.2 Descargos de responsabilidad<\/strong><\/p>\n\n\n\n<p>Puede que en alg\u00fan momento nuestra plataforma no est\u00e9 disponible, bien por tareas de mantenimiento planificado, o bien porque haya alg\u00fan problema en el sitio. Los Servicios y su contenido se proporcionan \u201ctal cual\u201d y \u201cseg\u00fan disponibilidad\u201d. Nosotros (y nuestros afiliados, proveedores, socios y agentes) no formulamos ninguna declaraci\u00f3n ni garant\u00eda sobre la idoneidad, fiabilidad, disponibilidad, puntualidad, seguridad, ausencia de errores o precisi\u00f3n de los Servicios o su contenido; asimismo, negamos expresamente cualesquiera garant\u00edas y condiciones (expresas o impl\u00edcitas), incluidas las garant\u00edas de comerciabilidad, idoneidad para un prop\u00f3sito en particular, t\u00edtulo o no infracci\u00f3n. Nosotros (y nuestros afiliados, proveedores, socios y agentes) no formulamos ninguna garant\u00eda de que obtendr\u00e1 resultados espec\u00edficos por el uso de los Servicios. Utiliza los Servicios (incluido cualquier contenido) totalmente por su cuenta y riesgo. Algunas jurisdicciones no permiten la exclusi\u00f3n de las garant\u00edas impl\u00edcitas, por lo que es posible que algunas de las exclusiones anteriores no se apliquen en su caso.<\/p>\n\n\n\n<p>Podemos decidir, en cualquier momento y por cualquier motivo, que algunas funciones de los Servicios dejen de estar disponibles. En ninguna circunstancia, se considerar\u00e1 a Kubern\u00c9tica Academy o a sus afiliados, proveedores, socios o agentes responsables de cualesquiera da\u00f1os que se produzcan debido a dichas interrupciones o a la falta de disponibilidad de dichas funciones.<\/p>\n\n\n\n<p>No asumimos ning\u00fan tipo de responsabilidad por la demora o el fallo en el rendimiento de cualquiera de nuestros Servicios debido a eventos que est\u00e9n fuera de nuestro control razonable, como actos de guerra, hostilidad o sabotaje, desastres naturales, interrupciones en el suministro el\u00e9ctrico y de Internet o las telecomunicaciones, o bien restricciones gubernamentales.<\/p>\n\n\n\n<p><strong>7. Ley vigente y jurisdicci\u00f3n<\/strong><\/p>\n\n\n\n<p>Cuando se menciona&nbsp;<strong>&#8220;Kubern\u00c9tica Academy&#8221;<\/strong>&nbsp;en estas Condiciones, se hace referencia a la entidad de Kubern\u00c9tica Academy con la que celebra el contrato. Si es un estudiante, la entidad contratante y la legislaci\u00f3n aplicable, por lo general, se determinar\u00e1 en funci\u00f3n de su ubicaci\u00f3n de residencia.<\/p>\n\n\n\n<p><strong>8. Relaci\u00f3n entre nosotros<\/strong><\/p>\n\n\n\n<p>Tanto usted como nosotros aceptamos que entre nosotros no existe una relaci\u00f3n de empresa conjunta, asociaci\u00f3n, empleo, contratista o agencia.<\/p>\n\n\n\n<p><strong>9. Resoluci\u00f3n de conflictos<\/strong><\/p>\n\n\n\n<p>Si existe un conflicto, nuestro&nbsp;equipo de soporte estar\u00e1 encantado de ayudarle a resolverlo.<\/p>\n\n\n\n<p><strong>10. C\u00f3mo ponerse en contacto con nosotros<\/strong><\/p>\n\n\n\n<p>La mejor manera de ponerse en contacto con nosotros es a trav\u00e9s del correo electr\u00f3nico <a href=\"mailto:academy@kubernetica.com\">academy@kubernetica.com<\/a>. Estaremos encantados de que nos comunique sus preguntas, preocupaciones y comentarios sobre nuestros Servicios.<\/p>\n","protected":false},"excerpt":{"rendered":"<p>KUBERN\u00c9TICA ACADEMY es una plataforma de cursos en l\u00ednea que ofrece recursos pedag\u00f3gicos de metodolog\u00eda y redacci\u00f3n a la comunidad hispanohablante. Su amplia oferta de cursos, talleres y manuales tiene como principal objetivo proporcionar, con niveles de excelencia y altos &hellip; <\/p>\n","protected":false},"author":1,"featured_media":0,"parent":0,"menu_order":0,"comment_status":"closed","ping_status":"open","template":"","meta":{"_joinchat":[],"footnotes":""},"class_list":["post-3","page","type-page","status-publish","hentry"],"aioseo_notices":[],"_links":{"self":[{"href":"https:\/\/kubernetica.com\/academy\/wp-json\/wp\/v2\/pages\/3","targetHints":{"allow":["GET"]}}],"collection":[{"href":"https:\/\/kubernetica.com\/academy\/wp-json\/wp\/v2\/pages"}],"about":[{"href":"https:\/\/kubernetica.com\/academy\/wp-json\/wp\/v2\/types\/page"}],"author":[{"embeddable":true,"href":"https:\/\/kubernetica.com\/academy\/wp-json\/wp\/v2\/users\/1"}],"replies":[{"embeddable":true,"href":"https:\/\/kubernetica.com\/academy\/wp-json\/wp\/v2\/comments?post=3"}],"version-history":[{"count":3,"href":"https:\/\/kubernetica.com\/academy\/wp-json\/wp\/v2\/pages\/3\/revisions"}],"predecessor-version":[{"id":13709,"href":"https:\/\/kubernetica.com\/academy\/wp-json\/wp\/v2\/pages\/3\/revisions\/13709"}],"wp:attachment":[{"href":"https:\/\/kubernetica.com\/academy\/wp-json\/wp\/v2\/media?parent=3"}],"curies":[{"name":"wp","href":"https:\/\/api.w.org\/{rel}","templated":true}]}}