{"id":91,"date":"2015-10-22T03:26:46","date_gmt":"2015-10-22T03:26:46","guid":{"rendered":"http:\/\/demo.thimpress.com\/eduma\/?page_id=91"},"modified":"2022-10-17T14:33:51","modified_gmt":"2022-10-17T17:33:51","slug":"como-funciona","status":"publish","type":"page","link":"https:\/\/kubernetica.com\/academy\/como-funciona\/","title":{"rendered":"C\u00f3mo funciona"},"content":{"rendered":"<div class=\"wpb-content-wrapper\"><p>[vc_row css=&#8221;.vc_custom_1471068902336{padding-top: 30px !important;}&#8221;][vc_column width=&#8221;1\/2&#8243;][vc_column_text]<\/p>\n<h3>El modelo virtual<\/h3>\n<p style=\"text-align: justify;\">El modelo educativo de KUBERN\u00c9TICA ACADEMY se desarrolla en un entorno virtual basado en tecnolog\u00edas de punta en educaci\u00f3n a distancia.<\/p>\n<p style=\"text-align: justify;\">La experiencia de aprendizaje en l\u00ednea supone un proceso din\u00e1mico, colaborativo, interactivo y flexible concebido desde una perspectiva constructivista del proceso pedag\u00f3gico.<\/p>\n<p style=\"text-align: justify;\">En este proceso, el estudiante construye su propio camino educativo y genera significados, observaciones y reflexiones a partir de su interacci\u00f3n al interior de una red de conocimientos.<\/p>\n<p style=\"text-align: justify;\">Entre otras, pueden destacarse las siguientes ventajas del r\u00e9gimen virtual:<\/p>\n<ul>\n<li style=\"text-align: justify;\">Flexibilidad: el educando define la modalidad y frecuencia de cursada, y gestiona y accede a los contenidos de acuerdo con su disponibilidad horaria o conveniencia.<\/li>\n<li style=\"text-align: justify;\">Dinamismo: las Tecnolog\u00edas de la Informaci\u00f3n y la Comunicaci\u00f3n (TIC) aplicadas a la educaci\u00f3n superior dinamizan el proceso de aprendizaje al ofrecer herramientas inmediatas de retroalimentaci\u00f3n o feedback.<\/li>\n<li style=\"text-align: justify;\">Colaboraci\u00f3n: el esquema de educaci\u00f3n virtual ofrece la posibilidad de constituir una red de conocimientos colaborativa conformada por estudiantes, investigadores, docentes y tutores, aspecto que refuerza el recorrido pedag\u00f3gico individual.<\/li>\n<li style=\"text-align: justify;\">Interactividad: el entorno digital potencia los intercambios comunicacionales entre los integrantes de la comunidad educativa y habilita una experiencia enriquecida en cuanto al uso y aprovechamiento de los recursos pedag\u00f3gicos ofrecidos por la interfaz t\u00e9cnica.<\/li>\n<\/ul>\n<p>[\/vc_column_text][\/vc_column][vc_column width=&#8221;1\/2&#8243;][vc_column_text]<\/p>\n<h3>Cursos y talleres<\/h3>\n<p style=\"text-align: justify;\">La plataforma dispone de instancias asincr\u00f3nicas de capacitaci\u00f3n, as\u00ed como de recursos did\u00e1cticos y mecanismos de autoevaluaci\u00f3n:<\/p>\n<ul style=\"text-align: justify;\">\n<li>Recursos asincr\u00f3nicos (videos y audios).<\/li>\n<li>Materiales de lectura (libros, documentos, cuadernillos, ejercitaciones y trabajos pr\u00e1cticos).<\/li>\n<\/ul>\n<p style=\"text-align: justify;\">Los contenidos han sido dise\u00f1ados por un equipo de investigadores y docentes con el fin de abarcar los desaf\u00edos, problemas y dificultades en mayor medida asociados a las tareas de investigaci\u00f3n y redacci\u00f3n en los \u00e1mbitos acad\u00e9micos, cient\u00edficos y profesionales.<\/p>\n<p style=\"text-align: justify;\">Todos los cursos y talleres tienen una orientaci\u00f3n te\u00f3rico-pr\u00e1ctica: por un lado, motivan la discusi\u00f3n de conceptos vinculados con los aspectos generales de la disciplina o tem\u00e1tica en que se enmarcan; por otro, se orientan a la resoluci\u00f3n de ejercicios y a la producci\u00f3n de textos con el objeto de abordar, mediante la actividad pr\u00e1ctica, los aspectos discursivos, textuales y normativos asociados al uso de la lengua en los \u00e1mbitos de producci\u00f3n en que se inscriben.<\/p>\n<p>[\/vc_column_text][\/vc_column][\/vc_row][vc_row css=&#8221;.vc_custom_1471068902336{padding-top: 30px !important;}&#8221;][vc_column width=&#8221;1\/3&#8243;][vc_hoverbox image=&#8221;13737&#8243; primary_title=&#8221;Planifica tu trabajo&#8221; primary_title_font_container=&#8221;color:%23ffffff&#8221; primary_title_use_theme_fonts=&#8221;yes&#8221; hover_title=&#8221;Planifica tu trabajo&#8221; hover_background_color=&#8221;custom&#8221; use_custom_fonts_primary_title=&#8221;true&#8221; hover_custom_background=&#8221;#e8872e&#8221;]Define tus prioridades y dise\u00f1a tu esquema de trabajo.[\/vc_hoverbox][\/vc_column][vc_column width=&#8221;1\/3&#8243;][vc_hoverbox image=&#8221;13739&#8243; primary_title=&#8221;Busca cursos&#8221; primary_title_font_container=&#8221;color:%23ffffff&#8221; primary_title_use_theme_fonts=&#8221;yes&#8221; hover_title=&#8221;Busca cursos&#8221; hover_background_color=&#8221;custom&#8221; use_custom_fonts_primary_title=&#8221;true&#8221; hover_custom_background=&#8221;#e8872e&#8221;]Encuentra los cursos, talleres y contenidos que mejor se adapten a tus necesidades.[\/vc_hoverbox][\/vc_column][vc_column width=&#8221;1\/3&#8243;][vc_hoverbox image=&#8221;13738&#8243; primary_title=&#8221;Comienza a trabajar&#8221; primary_title_font_container=&#8221;color:%23ffffff&#8221; primary_title_use_theme_fonts=&#8221;yes&#8221; hover_title=&#8221;Comienza a trabajar&#8221; hover_background_color=&#8221;custom&#8221; use_custom_fonts_primary_title=&#8221;true&#8221; hover_custom_background=&#8221;#e8872e&#8221;]Una vez definido tu plan de trabajo y elegidos los cursos, comienza a cursar y a leer en l\u00ednea.[\/vc_hoverbox][\/vc_column][vc_column][vc_row_inner][vc_column_inner][\/vc_column_inner][\/vc_row_inner]<div class=\"thim-widget-heading template-base\"><div class=\"sc_heading  text-center\"><h3 class=\"title\">Preguntas frecuentes<\/h3><\/div><\/div>[\/vc_column][\/vc_row][vc_row][vc_column width=&#8221;1\/2&#8243; css=&#8221;.vc_custom_1471081370883{padding-right: 17px !important;}&#8221;][vc_tta_accordion active_section=&#8221;&#8221; title=&#8221;Compras y Reembolsos&#8221;][vc_tta_section title=&#8221;\u00bfCu\u00e1les son los m\u00e9todos de pago?&#8221; tab_id=&#8221;1471069040084-8d396222-72d6&#8243;][vc_raw_html]UG9kJUMzJUE5cyUyMGFib25hciUyMGVsJTIwY3Vyc28lMjBlbiUyMGVmZWN0aXZvJTJDJTIwdGFyamV0YSUyMGRlJTIwY3IlQzMlQTlkaXRvJTJDJTIwdGFyamV0YSUyMGRlJTIwZCVDMyVBOWJpdG8lMkMlMjBNZXJjYWRvUGFnbyUyQyUyMFBheVBhbCUyMG8lMjB0cmFuc2ZlcmVuY2lhJTIwYmFuY2FyaWElMjBlbiUyMG1vbmVkYSUyMGxvY2FsJTIwZGVwZW5kaWVuZG8lMjBlbCUyMHBhJUMzJUFEcyUyMGVuJTIwZWwlMjBxdWUlMjBlc3QlQzMlQTlzLiUwQSUwQVBhcmElMjByZWNpYmlyJTIwbSVDMyVBMXMlMjBpbmZvcm1hY2klQzMlQjNuJTIwc29icmUlMjBsb3MlMjBtJUMzJUE5dG9kb3MlMjBkZSUyMHBhZ29zJTJDJTIwdGUlMjBwdWVkZXMlMjBjb250YWN0YXIlMjBjb24lMjB1biUyMGFzZXNvciUyMGElMjB0cmF2JUMzJUE5cyUyMGRlbCUyMGZvcm11bGFyaW8lMjBkZSUyMGNvbnRhY3RvLg==[\/vc_raw_html][\/vc_tta_section][vc_tta_section title=&#8221;\u00bfC\u00f3mo obtengo un reembolso?&#8221; tab_id=&#8221;1471069040102-10c5a0ab-2ece&#8221;][vc_raw_html]U2klMjBlbCUyMGN1cnNvJTIwYWRxdWlyaWRvJTIwbm8lMjBlcmElMjBsbyUyMHF1ZSUyMGJ1c2NhYmFzJTIwbyUyMHRlJTIwY29uZnVuZGlzdGUlMjBhJTIwbGElMjBob3JhJTIwZGUlMjByZWFsaXphciUyMGxhJTIwY29tcHJhJTJDJTIwdGUlMjBicmluZGFtb3MlMjB1bmElMjBzZW1hbmElMjBkZSUyMGFycmVwZW50aW1pZW50by4lMjBQb250ZSUyMGVuJTIwY29udGFjdG8lMjBjb24lMjBub3NvdHJvcyUyMHklMjB0ZSUyMGRldm9sdmVtb3MlMjBlbCUyMDEwMCUyNSUyMGRlbCUyMGRpbmVyby4lMEElMEFTJUMzJUIzbG8lMjBhcGxpY2ElMjBwYXJhJTIwcXVpZW5lcyUyMHJlYWxpemFuJTIwdW4lMjBjdXJzbyUyMHBvciUyMHByaW1lcmElMjB2ZXou[\/vc_raw_html][\/vc_tta_section][vc_tta_section title=&#8221;\u00bfPor qu\u00e9 no se realiza mi pago?&#8221; tab_id=&#8221;1471069174211-af55e13d-0172&#8243;][vc_raw_html]U2klMjB0dSUyMHBhZ28lMjBubyUyMGZ1ZSUyMHJlY2hhemFkbyUyQyUyMGVzJTIwcG9zaWJsZSUyMHF1ZSUyMGxhJTIwZW50aWRhZCUyMGRlbW9yZSUyMGhhc3RhJTIwNDglMjBob3JhcyUyMGVuJTIwYWNyZWRpdGFyJTIwbGElMjB0cmFuc2FjY2klQzMlQjNuJTIwc2VnJUMzJUJBbiUyMGxhJTIwcmVnaSVDMyVCM24lMjB5JTIwZWwlMjBtZWRpbyUyMGRlJTIwcGFnbyUyMGVsZWdpZG8lMjBhJTIwbGElMjBob3JhJTIwZGUlMjBsYSUyMGNvbXByYS4lMEElMEFTaSUyMGVsJTIwcHJvY2VkaW1pZW50byUyMGRlJTIwY29tcHJhJTIwc2UlMjB2ZSUyMGFmZWN0YWRvJTIwbHVlZ28lMjBkZWwlMjB0aWVtcG8lMjBhbnRlcyUyMG1lbmNpb25hZG8lMkMlMjBwdWVkZXMlMjBwb25lcnRlJTIwZW4lMjBjb250YWN0byUyMGNvbiUyMHVuJTIwYXNlc29yJTIwYSUyMHRyYXYlQzMlQTlzJTIwZGVsJTIwZm9ybXVsYXJpbyUyMHF1ZSUyMHNlJTIwZW5jdWVudHJhJTIwZGViYWpvLg==[\/vc_raw_html][\/vc_tta_section][\/vc_tta_accordion][\/vc_column][vc_column width=&#8221;1\/2&#8243; css=&#8221;.vc_custom_1471081383034{padding-left: 17px !important;}&#8221;][vc_tta_accordion active_section=&#8221;&#8221; title=&#8221;Cuenta y Cursos&#8221;][vc_tta_section title=&#8221;\u00bfC\u00f3mo es la metodolog\u00eda en l\u00ednea de Kubern\u00c9tica Academy?&#8221; tab_id=&#8221;1471069197811-6640ea1d-b214&#8243;][vc_raw_html]TnVlc3RybyUyMG1vZGVsbyUyMGVkdWNhdGl2byUyMHNlJTIwZGVzYXJyb2xsYSUyMGVuJTIwdW4lMjBlbnRvcm5vJTIwdmlydHVhbCUyQyUyMGRvbmRlJTIwb2ZyZWNlbW9zJTIwdW4lMjBwcm9jZXNvJTIwZGluJUMzJUExbWljbyUyQyUyMGNvbGFib3JhdGl2byUyQyUyMGludGVyYWN0aXZvJTIweSUyMGZsZXhpYmxlJTIwY29uY2ViaWRvJTIwZGVzZGUlMjB1bmElMjBwZXJzcGVjdGl2YSUyMGNvbnN0cnVjdGl2aXN0YSUyMGRlbCUyMHByb2Nlc28lMjBwZWRhZyVDMyVCM2dpY28uJTIwJTBBJTBBRXN0ZSUyMGVzcXVlbWElMjBkZSUyMGFwcmVuZGl6YWplLWVuc2UlQzMlQjFhbnphJTIwaW1wbGljYSUyMGxhJTIwcGFydGljaXBhY2klQzMlQjNuJTIwYWN0aXZhJTIwZGVsJTIwZXN0dWRpYW50ZSUyQyUyMGVuJTIwdW5hJTIwY29tdW5pZGFkJTIwdmlydHVhbCUyMGludGVncmFkYSUyMHBvciUyMGRvY2VudGVzJTJDJTIwdHV0b3JlcyUyMHklMjBjb2xlZ2FzJTIwZGUlMjB0cmFiYWpvLg==[\/vc_raw_html][\/vc_tta_section][vc_tta_section title=&#8221;\u00bfCu\u00e1ndo empiezan y cu\u00e1ndo acaban los cursos?&#8221; tab_id=&#8221;1471069197834-950469cd-f60c&#8221;][vc_raw_html]TGElMjBtb2RhbGlkYWQlMjBkZSUyMGxvcyUyMGN1cnNvcyUyMGVzJTIwMTAwJTI1JTIwZW4lMjBsJUMzJUFEbmVhJTJDJTIwcG9yJTIwdGFudG8lMjB1bmElMjB2ZXolMjBlc3QlQzMlQTluJTIwcHVibGljYWRvcyUyQyUyMHNvbG8lMjB0JUMzJUJBJTIwcHVlZGVzJTIwZGVjaWRpciUyMGN1JUMzJUExbmRvJTIwZW1wZXphcmxvcyUyMHklMjB0ZXJtaW5hcmxvcy4lMEElMEFQdWVkZXMlMjB2b2x2ZXIlMjBhJTIwdmVyJTIwbG8lMjBxdWUlMjB0ZSUyMGludGVyZXNlJTJDJTIwZ2VzdGlvbmFyJTIweSUyMGFjY2VkZXIlMjBhJTIwbG9zJTIwY29udGVuaWRvcyUyMGRlJTIwYWN1ZXJkbyUyMGNvbiUyMHR1JTIwZGlzcG9uaWJpbGlkYWQlMkMlMjByZXNvbHZlciUyMGR1ZGFzJTIwZ3JhY2lhcyUyMGElMjBudWVzdHJhcyUyMGhlcnJhbWllbnRhcyUyMGlubWVkaWF0YXMlMjBkZSUyMGZlZWRiYWNrJTIweSUyMG11Y2hvJTIwbSVDMyVBMXMu[\/vc_raw_html][\/vc_tta_section][vc_tta_section title=&#8221;\u00bfPor qu\u00e9 no se muestran mis cursos en mi cuenta?&#8221; tab_id=&#8221;1471069197868-7842003a-e0c2&#8243;][vc_raw_html]U2klMjBjb21wcmFzdGUlMjB1biUyMGN1cnNvJTIwZGVzZGUlMjB1biUyMHRlbCVDMyVBOWZvbm8lMjBjZWx1bGFyJTJDJTIwZXMlMjBwb3NpYmxlJTIwcXVlJTIwZWwlMjBjdXJzbyUyMG5vJTIwZXN0JUMzJUE5JTIwcmVnaXN0cmFkbyUyMGVuJTIwdHUlMjBjdWVudGEuJTIwU2klMjB1dGlsaXphcyUyMHZhcmlhcyUyMGN1ZW50YXMlMjBkZSUyMGNvcnJlbyUyMGVsZWN0ciVDMyVCM25pY28lMjBvJTIwdGllbmVzJTIwdW5hJTIwY3VlbnRhJTIwZGUlMjBvdHJhJTIwYXBsaWNhY2klQzMlQjNuJTIwYWJpZXJ0YSUyQyUyMGludGVudGElMjBpbmljaWFyJTIwc2VzaSVDMyVCM24lMjBjb24lMjBsYXMlMjBkaXJlY2Npb25lcyUyMGRlJTIwY29ycmVvJTIwZWxlY3RyJUMzJUIzbmljbyUyMGFzb2NpYWRhcy4lMEElMEFTaSUyMG5vJTIwcHVlZGVzJTIwcmVzb2x2ZXJsbyUyQyUyMGluZiVDMyVCM3JtYW5vcyUyMGRlJTIwZXN0YSUyMHNpdHVhY2klQzMlQjNuJTIwYSUyMHRyYXYlQzMlQTlzJTIwZGVsJTIwZm9ybXVsYXJpbyUyMGRlJTIwY29udGFjdG8u[\/vc_raw_html][\/vc_tta_section][\/vc_tta_accordion][\/vc_column][\/vc_row][vc_row css=&#8221;.vc_custom_1471081202363{margin-bottom: 5px !important;padding-top: 45px !important;}&#8221;][vc_column][vc_separator color=&#8221;custom&#8221; accent_color=&#8221;#eeeeee&#8221;][\/vc_column][\/vc_row][vc_row css=&#8221;.vc_custom_1471081192844{margin-bottom: 0px !important;}&#8221;][vc_column][vc_raw_html]JTNDZGl2JTIwY2xhc3MlM0QlMjJ0aGltLWNvbnRhY3QtZmFxcyUyMHRleHQtY2VudGVyJTIyJTNFJTBBJTNDaDQlM0UlQzIlQkZObyUyMGVuY29udHJhc3RlJTIwbGElMjByZXNwdWVzdGElM0YlM0MlMkZoNCUzRSUwQSU1QmNvbnRhY3QtZm9ybS03JTIwaWQlM0QlMjI0JTIyJTIwdGl0bGUlM0QlMjJDb250YWN0JTIwZm9ybSUyMDElMjIlNUQlMEElM0MlMkZkaXYlM0U=[\/vc_raw_html][\/vc_column][\/vc_row][vc_row][vc_column][\/vc_column][\/vc_row]<\/p>\n<\/div>","protected":false},"excerpt":{"rendered":"<p>[vc_row css=&#8221;.vc_custom_1471068902336{padding-top: 30px !important;}&#8221;][vc_column width=&#8221;1\/2&#8243;][vc_column_text] El modelo virtual El modelo educativo de KUBERN\u00c9TICA ACADEMY se desarrolla en un entorno virtual basado en tecnolog\u00edas de punta en educaci\u00f3n a distancia. La experiencia de aprendizaje en l\u00ednea supone un proceso din\u00e1mico, colaborativo, &hellip; <\/p>\n","protected":false},"author":1,"featured_media":0,"parent":0,"menu_order":0,"comment_status":"closed","ping_status":"closed","template":"","meta":{"_joinchat":[],"footnotes":""},"class_list":["post-91","page","type-page","status-publish","hentry"],"aioseo_notices":[],"_links":{"self":[{"href":"https:\/\/kubernetica.com\/academy\/wp-json\/wp\/v2\/pages\/91","targetHints":{"allow":["GET"]}}],"collection":[{"href":"https:\/\/kubernetica.com\/academy\/wp-json\/wp\/v2\/pages"}],"about":[{"href":"https:\/\/kubernetica.com\/academy\/wp-json\/wp\/v2\/types\/page"}],"author":[{"embeddable":true,"href":"https:\/\/kubernetica.com\/academy\/wp-json\/wp\/v2\/users\/1"}],"replies":[{"embeddable":true,"href":"https:\/\/kubernetica.com\/academy\/wp-json\/wp\/v2\/comments?post=91"}],"version-history":[{"count":13,"href":"https:\/\/kubernetica.com\/academy\/wp-json\/wp\/v2\/pages\/91\/revisions"}],"predecessor-version":[{"id":13882,"href":"https:\/\/kubernetica.com\/academy\/wp-json\/wp\/v2\/pages\/91\/revisions\/13882"}],"wp:attachment":[{"href":"https:\/\/kubernetica.com\/academy\/wp-json\/wp\/v2\/media?parent=91"}],"curies":[{"name":"wp","href":"https:\/\/api.w.org\/{rel}","templated":true}]}}