{"id":13077,"date":"2020-09-03T22:37:13","date_gmt":"2020-09-04T01:37:13","guid":{"rendered":"https:\/\/kubernetica.com\/academy\/?post_type=product&#038;p=13077"},"modified":"2022-10-18T19:57:06","modified_gmt":"2022-10-18T22:57:06","slug":"la-condicion-poshumana","status":"publish","type":"product","link":"https:\/\/kubernetica.com\/academy\/producto\/la-condicion-poshumana\/","title":{"rendered":"La condici\u00f3n poshumana"},"content":{"rendered":"<h2 class=\"ql-align-justify\">Rese\u00f1a<\/h2>\n<p class=\"ql-align-justify\" style=\"text-align: justify;\"><em>La condici\u00f3n poshumana<\/em>\u00a0es una invitaci\u00f3n a conocer el futuro de la humanidad. Los l\u00edmites que separaron desde siempre al hombre de sus productos t\u00e9cnicos se est\u00e1n volviendo cada vez m\u00e1s difusos en una sociedad\u00a0atravesada por el uso cotidiano de las Nuevas Tecnolog\u00edas de la Informaci\u00f3n y la Comunicaci\u00f3n (NTIC). Si durante d\u00e9cadas el inter\u00e9s estuvo puesto en el reemplazo del ser humano por la tecnolog\u00eda, el foco de discusi\u00f3n, en la actualidad, ya no es si la m\u00e1quina sustituir\u00e1 al hombre, sino de qu\u00e9 modo se integrar\u00e1n.<\/p>\n<p class=\"ql-align-justify\" style=\"text-align: justify;\">El autor recorre m\u00e1s de veinte filmes fundamentales de la ciencia ficci\u00f3n a fin de abordar el discurso cinematogr\u00e1fico relativo a la integraci\u00f3n hombre-m\u00e1quina. En un sentido gen\u00e9rico, el imaginario en el cine y el imaginario en la ciencia se dan la mano en la noci\u00f3n central de que las NTIC ubican a los seres artificiales de nuestro tiempo en un punto de existencia cualitativamente nuevo. En lo particular, en un\u00a0nivel de existencia\u00a0marcado por el surgimiento de criaturas h\u00edbridas, a mitad de camino entre biolog\u00eda\u00a0<em>natural<\/em>\u00a0y tecnolog\u00eda\u00a0<em>cultural<\/em>, cuyas figuras mitol\u00f3gicas resuenan una y otra vez a lo largo del entramado social contempor\u00e1neo: el ciborg, el poshumano, el robot y el androide.<\/p>\n<p class=\"ql-align-justify\" style=\"text-align: justify;\">El desarrollo exponencial de la tecnolog\u00eda durante los \u00faltimos a\u00f1os ha motivado proyecciones imaginarias y realizables, antes t\u00e9cnicamente imposibles, que han comenzado a cambiar el panorama ontol\u00f3gico de la humanidad. En este nuevo escenario, las categor\u00ed\u00adas y conceptos que definen al humano y a la m\u00e1quina se reelaboran constantemente. Entenderlos ayuda a comprender el camino que estamos transitando.<\/p>\n","protected":false},"excerpt":{"rendered":"<h2 class=\"ql-align-justify\">Ficha t\u00e9cnica<\/h2>\n<ul>\n<li><strong>T\u00edtulo completo:<\/strong> <em>La condici\u00f3n poshumana. Camino a la integraci\u00f3n hombre-m\u00e1quina en el cine y en la ciencia.<\/em><\/li>\n<li><strong>Autor<\/strong>: Santiago Koval<\/li>\n<li><strong>A\u00f1o<\/strong>: 2008<\/li>\n<li><strong>ISBN<\/strong>: 978-987-24706-0-9<\/li>\n<li><strong>P\u00e1ginas<\/strong>: 222<\/li>\n<li><strong>Formato<\/strong>: libro f\u00edsico<\/li>\n<li><strong>Encuadernaci\u00f3n<\/strong>: r\u00fastica<\/li>\n<li class=\"ql-align-justify\"><strong>Idioma<\/strong>: espa\u00f1ol<\/li>\n<\/ul>\n","protected":false},"featured_media":13890,"template":"","meta":{"_joinchat":[]},"product_brand":[],"product_cat":[6546],"product_tag":[],"class_list":{"0":"post-13077","1":"product","2":"type-product","3":"status-publish","4":"has-post-thumbnail","6":"product_cat-libros","8":"first","9":"instock","10":"sale","11":"shipping-taxable","12":"purchasable","13":"product-type-simple"},"aioseo_notices":[],"_links":{"self":[{"href":"https:\/\/kubernetica.com\/academy\/wp-json\/wp\/v2\/product\/13077","targetHints":{"allow":["GET"]}}],"collection":[{"href":"https:\/\/kubernetica.com\/academy\/wp-json\/wp\/v2\/product"}],"about":[{"href":"https:\/\/kubernetica.com\/academy\/wp-json\/wp\/v2\/types\/product"}],"wp:featuredmedia":[{"embeddable":true,"href":"https:\/\/kubernetica.com\/academy\/wp-json\/wp\/v2\/media\/13890"}],"wp:attachment":[{"href":"https:\/\/kubernetica.com\/academy\/wp-json\/wp\/v2\/media?parent=13077"}],"wp:term":[{"taxonomy":"product_brand","embeddable":true,"href":"https:\/\/kubernetica.com\/academy\/wp-json\/wp\/v2\/product_brand?post=13077"},{"taxonomy":"product_cat","embeddable":true,"href":"https:\/\/kubernetica.com\/academy\/wp-json\/wp\/v2\/product_cat?post=13077"},{"taxonomy":"product_tag","embeddable":true,"href":"https:\/\/kubernetica.com\/academy\/wp-json\/wp\/v2\/product_tag?post=13077"}],"curies":[{"name":"wp","href":"https:\/\/api.w.org\/{rel}","templated":true}]}}